{"id":1025,"date":"2021-11-17T22:53:10","date_gmt":"2021-11-17T22:53:10","guid":{"rendered":"https:\/\/six-camels.de\/?page_id=1025"},"modified":"2021-12-22T11:54:38","modified_gmt":"2021-12-22T11:54:38","slug":"baltic-sea-circle-winter-2022","status":"publish","type":"page","link":"https:\/\/six-camels.de\/?page_id=1025","title":{"rendered":"Baltic Sea Circle Winter 2022"},"content":{"rendered":"\n<p>Eigentlich war es schon wieder Uli, der den Stein ins Rollen gebracht hat. 2 Jahre nach der Europa-Orient Rallye kam er mit der Idee,  im Sommer 2021 mit Jan die Runde ums Nordkap zu machen. Direkt, Feuer und Flamme, habe ich mich auf die Suche nach einem Mitfahrer gemacht. Schawupp, wie es der Zufall will, habe ich einen grandiosen Nachbarn Burkhard, der f\u00fcr jeden Bl\u00f6dsinn zu haben ist. Das Team war geboren.<br><\/p>\n\n\n\n<p>Wie bei so vielen hat Fucking- Corona alles \u00fcber den Haufen geworfen und der Sommer-BSC wurde gestrichen. Tja, und da wir ungeduldig sind und Schnee lieber m\u00f6gen als M\u00fccken, geht\u2019s f\u00fcr uns jetzt die Winterrunde zum Nordkap.<\/p>\n\n\n\n<h2>20.02.2022 &#8211; 07.03.2021<\/h2>\n\n\n\n<figure class=\"wp-block-image size-full is-resized\"><img loading=\"lazy\" src=\"http:\/\/six-camels.de\/wp-content\/uploads\/2021\/11\/BSCW-Routengrafik-1.png\" alt=\"\" class=\"wp-image-1038\" width=\"670\" height=\"558\" srcset=\"https:\/\/six-camels.de\/wp-content\/uploads\/2021\/11\/BSCW-Routengrafik-1.png 851w, https:\/\/six-camels.de\/wp-content\/uploads\/2021\/11\/BSCW-Routengrafik-1-300x250.png 300w, https:\/\/six-camels.de\/wp-content\/uploads\/2021\/11\/BSCW-Routengrafik-1-768x640.png 768w\" sizes=\"(max-width: 670px) 100vw, 670px\" \/><\/figure>\n","protected":false},"excerpt":{"rendered":"<p>Eigentlich war es schon wieder Uli, der den Stein ins Rollen gebracht hat. 2 Jahre nach der Europa-Orient Rallye kam er mit der Idee, im Sommer 2021 mit Jan die Runde ums Nordkap zu machen. Direkt, Feuer und Flamme, habe ich mich auf die Suche nach einem Mitfahrer gemacht. Schawupp, wie es der Zufall will, &hellip; <\/p>\n<p class=\"link-more\"><a href=\"https:\/\/six-camels.de\/?page_id=1025\" class=\"more-link\"><span class=\"screen-reader-text\">\u201eBaltic Sea Circle Winter 2022\u201c<\/span> weiterlesen<\/a><\/p>\n","protected":false},"author":2,"featured_media":0,"parent":0,"menu_order":0,"comment_status":"closed","ping_status":"closed","template":"","meta":[],"_links":{"self":[{"href":"https:\/\/six-camels.de\/index.php?rest_route=\/wp\/v2\/pages\/1025"}],"collection":[{"href":"https:\/\/six-camels.de\/index.php?rest_route=\/wp\/v2\/pages"}],"about":[{"href":"https:\/\/six-camels.de\/index.php?rest_route=\/wp\/v2\/types\/page"}],"author":[{"embeddable":true,"href":"https:\/\/six-camels.de\/index.php?rest_route=\/wp\/v2\/users\/2"}],"replies":[{"embeddable":true,"href":"https:\/\/six-camels.de\/index.php?rest_route=%2Fwp%2Fv2%2Fcomments&post=1025"}],"version-history":[{"count":3,"href":"https:\/\/six-camels.de\/index.php?rest_route=\/wp\/v2\/pages\/1025\/revisions"}],"predecessor-version":[{"id":1090,"href":"https:\/\/six-camels.de\/index.php?rest_route=\/wp\/v2\/pages\/1025\/revisions\/1090"}],"wp:attachment":[{"href":"https:\/\/six-camels.de\/index.php?rest_route=%2Fwp%2Fv2%2Fmedia&parent=1025"}],"curies":[{"name":"wp","href":"https:\/\/api.w.org\/{rel}","templated":true}]}}