{"id":1042,"date":"2021-11-17T22:53:10","date_gmt":"2021-11-17T22:53:10","guid":{"rendered":"https:\/\/six-camels.de\/?page_id=1042"},"modified":"2021-12-13T21:32:07","modified_gmt":"2021-12-13T21:32:07","slug":"der-gute-zweck-2","status":"publish","type":"page","link":"https:\/\/six-camels.de\/?page_id=1042","title":{"rendered":"Der gute Zweck"},"content":{"rendered":"\n<h1><strong>Wir haben entschieden !!<\/strong><\/h1>\n\n\n\n<p>Auch dieses Mal sammeln wir wieder Spenden f\u00fcr das <strong>Kinderheim \u201cStern der Hoffnung\u201d<\/strong> in Rum\u00e4nien. Wir haben 2018 Sybille und die 23 Kinder aus Alba Iulia dort w\u00e4hrend unserer Tour nach Jordanien besucht, kennen und lieben gelernt. Corona hat ganz Rum\u00e4nien und somit auch das Kinderheim in Alba Iulia hart getroffen.  Es fehlt an allem  ! Daher werden Sach- und Geldspenden mehr denn je gebraucht!<\/p>\n\n\n\n<h1><strong>Daher bitten wir Euch wirklich von ganzem Herzen: <\/strong><\/h1>\n\n\n\n<h1><strong>Bitte spendet!  Wirklich jeder EURO hilft!<\/strong><\/h1>\n\n\n\n<p>Wir haben auf betterplace.org eine Spendenaktion ins Leben gerufen, wo wir garantieren k\u00f6nnen, dass jeder EURO auch wirklich in Rum\u00e4nien bei den Kindern ankommt. Vielen Dank daf\u00fcr nochmal an Lena und Steffen von \u201cHerzensmenschen Rum\u00e4nien e.V.\u201d, die mit Ihrem Verein genau dieses Kinderheim von Sybille unterst\u00fctzen.<\/p>\n\n\n\n<p>Bitte spendet einfach unter:<\/p>\n\n\n\n<iframe loading=\"lazy\" frameborder=\"0\" marginheight=\"0\" marginwidth=\"0\" src=\"https:\/\/www.betterplace-widget.org\/fundraising_events\/40003?l=de\" width=\"100%\" height=\"320\" style=\"border: 0; padding:0; margin:0;\">Informieren und spenden: &lt;a href=&#39;https:\/\/www.betterplace.org\/de\/fundraising-events\/40003-bscwinter2022-six-camels-fuer-stern-der-hoffnung&#39; target=&#39;_blank&#39;&gt;\u201eBSCWinter2022-Six Camels f\u00fcr Stern der Hoffnung; \u201c&lt;\/a&gt; auf betterplace.org \u00f6ffnen.<\/iframe>\n\n\n\n<p><\/p>\n\n\n\n<p>Neben Geldspenden werden auch Sachspenden dringend ben\u00f6tigt. Unten findet Ihr die aktuelle Liste der Dinge, die dringend fehlen. Falls Ihr spenden m\u00f6chtet, biete ich wie letztes Mal an, diese einfach und unkompliziert abzuholen und gesammelt weiterzuleiten. Bitte schreibt mich an unter <a href=\"mailto:info@six-camels.de\">info@six-camels.de<\/a> .<\/p>\n\n\n\n<p>Lasst uns den Kindern in Alba Iulia zusammen ein gutes Jahr 2022 erm\u00f6glichen!<\/p>\n\n\n\n<p>Vielen vielen Dank !!<\/p>\n\n\n\n<p>Michael &amp; Burkhard<\/p>\n\n\n\n<h3><strong>Sachspenden, die dringend ben\u00f6tigt werden<\/strong>:<\/h3>\n\n\n\n<ul><li>Saubere Bekleidung aller Art (gewaschene Kinder- sowie Erwachsenenklamotten)&nbsp;<\/li><li>Schuhe in gutem Zustand<\/li><li>Hygieneartikel aller Art (z.B. Zahnpasta, Shampoo, Seife, Waschmittel oder auch Putzmittel)&nbsp;<\/li><li>Lebensmittel (Grundnahrungsmittel wie Zucker, \u00d6l, Mehl, Tee, Reis)&nbsp;<\/li><li>Lampen<\/li><li>Bodenbel\u00e4ge (z.B. Laminat)<\/li><li>Deko (z.B. Bilder, \u2026)<\/li><li>Spielsachen (z.B. Stofftiere oder Spiele)&nbsp;<\/li><li>Manik\u00fcreartikel (z.B. Nagelfeilen oder Pflegecreme)<\/li><li>Bastelartikel (z.B. Stifte, Bl\u00f6cke oder Scheren)<\/li><li>Schulmaterial (z.B. Hefte, F\u00fcller, Kugelschreiber oder Bleistifte)&nbsp;<\/li><li>Elektroger\u00e4te (z.B. Musikger\u00e4te, Kleinger\u00e4te, Lampen oder Gl\u00fchbirnen)&nbsp;<\/li><li>Drucker und Scanner<\/li><li>Staubsauger&nbsp;<\/li><li>lange Sch\u00fcrzen&nbsp;<\/li><li>Decken, Bettw\u00e4sche und Handt\u00fccher&nbsp;<\/li><\/ul>\n\n\n\n<p><\/p>\n","protected":false},"excerpt":{"rendered":"<p>Wir haben entschieden !! Auch dieses Mal sammeln wir wieder Spenden f\u00fcr das Kinderheim \u201cStern der Hoffnung\u201d in Rum\u00e4nien. Wir haben 2018 Sybille und die 23 Kinder aus Alba Iulia dort w\u00e4hrend unserer Tour nach Jordanien besucht, kennen und lieben gelernt. Corona hat ganz Rum\u00e4nien und somit auch das Kinderheim in Alba Iulia hart getroffen. &hellip; <\/p>\n<p class=\"link-more\"><a href=\"https:\/\/six-camels.de\/?page_id=1042\" class=\"more-link\"><span class=\"screen-reader-text\">\u201eDer gute Zweck\u201c<\/span> weiterlesen<\/a><\/p>\n","protected":false},"author":2,"featured_media":0,"parent":0,"menu_order":0,"comment_status":"closed","ping_status":"closed","template":"","meta":[],"_links":{"self":[{"href":"https:\/\/six-camels.de\/index.php?rest_route=\/wp\/v2\/pages\/1042"}],"collection":[{"href":"https:\/\/six-camels.de\/index.php?rest_route=\/wp\/v2\/pages"}],"about":[{"href":"https:\/\/six-camels.de\/index.php?rest_route=\/wp\/v2\/types\/page"}],"author":[{"embeddable":true,"href":"https:\/\/six-camels.de\/index.php?rest_route=\/wp\/v2\/users\/2"}],"replies":[{"embeddable":true,"href":"https:\/\/six-camels.de\/index.php?rest_route=%2Fwp%2Fv2%2Fcomments&post=1042"}],"version-history":[{"count":6,"href":"https:\/\/six-camels.de\/index.php?rest_route=\/wp\/v2\/pages\/1042\/revisions"}],"predecessor-version":[{"id":1070,"href":"https:\/\/six-camels.de\/index.php?rest_route=\/wp\/v2\/pages\/1042\/revisions\/1070"}],"wp:attachment":[{"href":"https:\/\/six-camels.de\/index.php?rest_route=%2Fwp%2Fv2%2Fmedia&parent=1042"}],"curies":[{"name":"wp","href":"https:\/\/api.w.org\/{rel}","templated":true}]}}