{"id":1263,"date":"2023-02-07T13:21:51","date_gmt":"2023-02-07T13:21:51","guid":{"rendered":"https:\/\/six-camels.de\/?page_id=1263"},"modified":"2023-03-12T20:00:48","modified_gmt":"2023-03-12T20:00:48","slug":"baltic-sea-circle-2023-summer-edition","status":"publish","type":"page","link":"https:\/\/six-camels.de\/?page_id=1263","title":{"rendered":"Baltic Sea Circle 2023 &#8211; Summer edition"},"content":{"rendered":"\n<p>2018 zog es sechs Freunde als six-camels mit 3 alten Mercedes nach Jordanien. 2021 sollte es dann in genau die andere Richtung losgehen &#8211; der Baltic Sea Circle.<br> <br>Tja und wie bei so vielen hat Fucking-Corona alles \u00fcber den Haufen geworfen und der Sommer-BSC wurde gestrichen (Danke f\u00fcrs Zitat Micha ;-)) . <br>Eins der Kamele, Michael Schmidt, war ungeduldig, mochte Schnee lieber als M\u00fccken und trat deshalb im letzten Winter mit einem Kumpel zum BSC an.<\/p>\n\n\n\n<p>Und nun mutieren die Kamele Jan und Uli mit ihrem Laufbruder Rainer zu den 3 Elchen.<\/p>\n\n\n\n<p>Irgendwie sind wir ganz normal bekloppte Rheinl\u00e4nder. Laufen gerne, auch mal was l\u00e4nger, leben gerne, am liebsten ganz lang und sehen gerne was von der Welt\u2026 (wie passt da jetzt ein &#8222;lang&#8220; rein?).<\/p>\n\n\n\n<p>Auch dieses Mal ist das Wichtigste, neben dem Spa\u00df am Abenteuer, die Unterst\u00fctzung eines sozialen Projekts. Details dazu findet ihr unter &#8222;Baltic Sea Circle 2023\/Der Gute Zweck&#8220; oder direkt <a rel=\"noreferrer noopener\" href=\"https:\/\/www.betterplace.org\/de\/projects\/119642-segelcamp-wir-koennen-den-wind-nicht-aendern-aber-die-segel-anders-setzen\" data-type=\"URL\" data-id=\"https:\/\/www.betterplace.org\/de\/projects\/119642-segelcamp-wir-koennen-den-wind-nicht-aendern-aber-die-segel-anders-setzen\" target=\"_blank\">hier<\/a>.<\/p>\n\n\n\n<p>Einige erste Infos zu unserem Ausflug k\u00f6nnt ihr euch hier ansehen: <br><a href=\"https:\/\/superlative-adventure.com\/baltic-sea-circle.html\" target=\"_blank\" rel=\"noreferrer noopener\">https:\/\/superlative-adventure.com\/baltic-sea-circle.html<\/a><\/p>\n\n\n\n<figure class=\"wp-block-image size-large\"><img loading=\"lazy\" width=\"1024\" height=\"854\" src=\"https:\/\/six-camels.de\/wp-content\/uploads\/2023\/02\/csm_BSC-Routengrafik-NorwayEdition-2023-1-1024x854.png\" alt=\"\" class=\"wp-image-1308\" srcset=\"https:\/\/six-camels.de\/wp-content\/uploads\/2023\/02\/csm_BSC-Routengrafik-NorwayEdition-2023-1-1024x854.png 1024w, https:\/\/six-camels.de\/wp-content\/uploads\/2023\/02\/csm_BSC-Routengrafik-NorwayEdition-2023-1-300x250.png 300w, https:\/\/six-camels.de\/wp-content\/uploads\/2023\/02\/csm_BSC-Routengrafik-NorwayEdition-2023-1-768x640.png 768w, https:\/\/six-camels.de\/wp-content\/uploads\/2023\/02\/csm_BSC-Routengrafik-NorwayEdition-2023-1.png 1100w\" sizes=\"(max-width: 767px) 89vw, (max-width: 1000px) 54vw, (max-width: 1071px) 543px, 580px\" \/><\/figure>\n","protected":false},"excerpt":{"rendered":"<p>2018 zog es sechs Freunde als six-camels mit 3 alten Mercedes nach Jordanien. 2021 sollte es dann in genau die andere Richtung losgehen &#8211; der Baltic Sea Circle. Tja und wie bei so vielen hat Fucking-Corona alles \u00fcber den Haufen geworfen und der Sommer-BSC wurde gestrichen (Danke f\u00fcrs Zitat Micha ;-)) . Eins der Kamele, &hellip; <\/p>\n<p class=\"link-more\"><a href=\"https:\/\/six-camels.de\/?page_id=1263\" class=\"more-link\"><span class=\"screen-reader-text\">\u201eBaltic Sea Circle 2023 &#8211; Summer edition\u201c<\/span> weiterlesen<\/a><\/p>\n","protected":false},"author":3,"featured_media":0,"parent":0,"menu_order":0,"comment_status":"closed","ping_status":"closed","template":"","meta":[],"_links":{"self":[{"href":"https:\/\/six-camels.de\/index.php?rest_route=\/wp\/v2\/pages\/1263"}],"collection":[{"href":"https:\/\/six-camels.de\/index.php?rest_route=\/wp\/v2\/pages"}],"about":[{"href":"https:\/\/six-camels.de\/index.php?rest_route=\/wp\/v2\/types\/page"}],"author":[{"embeddable":true,"href":"https:\/\/six-camels.de\/index.php?rest_route=\/wp\/v2\/users\/3"}],"replies":[{"embeddable":true,"href":"https:\/\/six-camels.de\/index.php?rest_route=%2Fwp%2Fv2%2Fcomments&post=1263"}],"version-history":[{"count":9,"href":"https:\/\/six-camels.de\/index.php?rest_route=\/wp\/v2\/pages\/1263\/revisions"}],"predecessor-version":[{"id":1349,"href":"https:\/\/six-camels.de\/index.php?rest_route=\/wp\/v2\/pages\/1263\/revisions\/1349"}],"wp:attachment":[{"href":"https:\/\/six-camels.de\/index.php?rest_route=%2Fwp%2Fv2%2Fmedia&parent=1263"}],"curies":[{"name":"wp","href":"https:\/\/api.w.org\/{rel}","templated":true}]}}