{"id":1266,"date":"2023-02-10T21:01:28","date_gmt":"2023-02-10T21:01:28","guid":{"rendered":"https:\/\/six-camels.de\/?page_id=1266"},"modified":"2023-03-12T20:03:37","modified_gmt":"2023-03-12T20:03:37","slug":"der-bulli-40-jahre-und-kein-bisschen-leise","status":"publish","type":"page","link":"https:\/\/six-camels.de\/?page_id=1266","title":{"rendered":"Der Bulli"},"content":{"rendered":"\n<p><strong>40 Jahre und kein bisschen leise<\/strong><\/p>\n\n\n\n<p>Im M\u00e4rz 1983 wurde das gute St\u00fcck erstmals auf die Stra\u00dfen gelassen. Seitdem hat er aber tats\u00e4chlich erst 2 Besitzer kennengelernt, die mit ihm zusammen gute 230tsd km gerollt sind. Nun sollen mit Ausgangspunkt Aachen weitere 8.000 hinzukommen.<\/p>\n\n\n\n<p>Ein paar Streicheleinheiten werden wir ihm noch zukommen lassen und dann geht\u00b4s hoffentlich bald los.<\/p>\n\n\n\n<figure class=\"wp-block-image size-large\"><img loading=\"lazy\" width=\"1024\" height=\"768\" src=\"https:\/\/six-camels.de\/wp-content\/uploads\/2023\/02\/BulliSeite-1024x768.jpg\" alt=\"\" class=\"wp-image-1278\" srcset=\"https:\/\/six-camels.de\/wp-content\/uploads\/2023\/02\/BulliSeite-1024x768.jpg 1024w, https:\/\/six-camels.de\/wp-content\/uploads\/2023\/02\/BulliSeite-300x225.jpg 300w, https:\/\/six-camels.de\/wp-content\/uploads\/2023\/02\/BulliSeite-768x576.jpg 768w, https:\/\/six-camels.de\/wp-content\/uploads\/2023\/02\/BulliSeite-1536x1152.jpg 1536w, https:\/\/six-camels.de\/wp-content\/uploads\/2023\/02\/BulliSeite.jpg 1600w\" sizes=\"(max-width: 767px) 89vw, (max-width: 1000px) 54vw, (max-width: 1071px) 543px, 580px\" \/><\/figure>\n","protected":false},"excerpt":{"rendered":"<p>40 Jahre und kein bisschen leise Im M\u00e4rz 1983 wurde das gute St\u00fcck erstmals auf die Stra\u00dfen gelassen. Seitdem hat er aber tats\u00e4chlich erst 2 Besitzer kennengelernt, die mit ihm zusammen gute 230tsd km gerollt sind. Nun sollen mit Ausgangspunkt Aachen weitere 8.000 hinzukommen. Ein paar Streicheleinheiten werden wir ihm noch zukommen lassen und dann &hellip; <\/p>\n<p class=\"link-more\"><a href=\"https:\/\/six-camels.de\/?page_id=1266\" class=\"more-link\"><span class=\"screen-reader-text\">\u201eDer Bulli\u201c<\/span> weiterlesen<\/a><\/p>\n","protected":false},"author":3,"featured_media":0,"parent":0,"menu_order":0,"comment_status":"closed","ping_status":"closed","template":"","meta":[],"_links":{"self":[{"href":"https:\/\/six-camels.de\/index.php?rest_route=\/wp\/v2\/pages\/1266"}],"collection":[{"href":"https:\/\/six-camels.de\/index.php?rest_route=\/wp\/v2\/pages"}],"about":[{"href":"https:\/\/six-camels.de\/index.php?rest_route=\/wp\/v2\/types\/page"}],"author":[{"embeddable":true,"href":"https:\/\/six-camels.de\/index.php?rest_route=\/wp\/v2\/users\/3"}],"replies":[{"embeddable":true,"href":"https:\/\/six-camels.de\/index.php?rest_route=%2Fwp%2Fv2%2Fcomments&post=1266"}],"version-history":[{"count":4,"href":"https:\/\/six-camels.de\/index.php?rest_route=\/wp\/v2\/pages\/1266\/revisions"}],"predecessor-version":[{"id":1350,"href":"https:\/\/six-camels.de\/index.php?rest_route=\/wp\/v2\/pages\/1266\/revisions\/1350"}],"wp:attachment":[{"href":"https:\/\/six-camels.de\/index.php?rest_route=%2Fwp%2Fv2%2Fmedia&parent=1266"}],"curies":[{"name":"wp","href":"https:\/\/api.w.org\/{rel}","templated":true}]}}