{"id":1269,"date":"2023-02-07T13:25:30","date_gmt":"2023-02-07T13:25:30","guid":{"rendered":"https:\/\/six-camels.de\/?page_id=1269"},"modified":"2023-02-07T20:41:03","modified_gmt":"2023-02-07T20:41:03","slug":"die-elche","status":"publish","type":"page","link":"https:\/\/six-camels.de\/?page_id=1269","title":{"rendered":"Die Elche"},"content":{"rendered":"\n<p>2018 zog es sechs Freunde als six-camels mit 3 alten Mercedes nach Jordanien. 2021 sollte es dann in genau die andere Richtung los gehen &#8211; der Baltic Sea Circle.<br> <br>Tja und wie bei so vielen hat Fucking-Corona alles \u00fcber den Haufen geworfen und der Sommer-BSC wurde gestrichen (Danke f\u00fcrs Zitat Micha ;-)) . <br>Eins der Kamele, Michael Schmidt, war ungeduldig, mochte Schnee lieber als M\u00fccken und trat deshalb im letzten Winter mit einem Kumpel zum BSC an.<\/p>\n\n\n\n<p>Und nun mutieren die Kamele Jan und Uli mit ihrem Laufbruder Rainer zu den 3 Elchen. <\/p>\n\n\n\n<p>Irgendwie sind wir ganz normal bekloppte Rheinl\u00e4nder. Laufen gerne, auch mal was l\u00e4nger, leben gerne, am liebsten ganz lang und sehen gerne was von der Welt&#8230; (wie passt da jetzt ein &#8222;lang&#8220; rein? ).<\/p>\n\n\n\n<p>Endlich ist der Start absehbar. Die Vorfreude w\u00e4chst. Nur noch 130 mal schlafen &#8230;.<\/p>\n\n\n\n<figure class=\"wp-block-image size-large\"><img loading=\"lazy\" width=\"1024\" height=\"768\" src=\"https:\/\/six-camels.de\/wp-content\/uploads\/2023\/02\/IMG-2707-1024x768.jpg\" alt=\"\" class=\"wp-image-1283\" srcset=\"https:\/\/six-camels.de\/wp-content\/uploads\/2023\/02\/IMG-2707-1024x768.jpg 1024w, https:\/\/six-camels.de\/wp-content\/uploads\/2023\/02\/IMG-2707-300x225.jpg 300w, https:\/\/six-camels.de\/wp-content\/uploads\/2023\/02\/IMG-2707-768x576.jpg 768w, https:\/\/six-camels.de\/wp-content\/uploads\/2023\/02\/IMG-2707-1536x1152.jpg 1536w\" sizes=\"(max-width: 767px) 89vw, (max-width: 1000px) 54vw, (max-width: 1071px) 543px, 580px\" \/><figcaption>Rainer | Jan | Uli beim Bergdoktor &#8211; 3 Tage, 75km, 4000HM &#8211; geil<\/figcaption><\/figure>\n","protected":false},"excerpt":{"rendered":"<p>2018 zog es sechs Freunde als six-camels mit 3 alten Mercedes nach Jordanien. 2021 sollte es dann in genau die andere Richtung los gehen &#8211; der Baltic Sea Circle. Tja und wie bei so vielen hat Fucking-Corona alles \u00fcber den Haufen geworfen und der Sommer-BSC wurde gestrichen (Danke f\u00fcrs Zitat Micha ;-)) . Eins der &hellip; <\/p>\n<p class=\"link-more\"><a href=\"https:\/\/six-camels.de\/?page_id=1269\" class=\"more-link\"><span class=\"screen-reader-text\">\u201eDie Elche\u201c<\/span> weiterlesen<\/a><\/p>\n","protected":false},"author":3,"featured_media":0,"parent":0,"menu_order":0,"comment_status":"closed","ping_status":"closed","template":"","meta":[],"_links":{"self":[{"href":"https:\/\/six-camels.de\/index.php?rest_route=\/wp\/v2\/pages\/1269"}],"collection":[{"href":"https:\/\/six-camels.de\/index.php?rest_route=\/wp\/v2\/pages"}],"about":[{"href":"https:\/\/six-camels.de\/index.php?rest_route=\/wp\/v2\/types\/page"}],"author":[{"embeddable":true,"href":"https:\/\/six-camels.de\/index.php?rest_route=\/wp\/v2\/users\/3"}],"replies":[{"embeddable":true,"href":"https:\/\/six-camels.de\/index.php?rest_route=%2Fwp%2Fv2%2Fcomments&post=1269"}],"version-history":[{"count":5,"href":"https:\/\/six-camels.de\/index.php?rest_route=\/wp\/v2\/pages\/1269\/revisions"}],"predecessor-version":[{"id":1289,"href":"https:\/\/six-camels.de\/index.php?rest_route=\/wp\/v2\/pages\/1269\/revisions\/1289"}],"wp:attachment":[{"href":"https:\/\/six-camels.de\/index.php?rest_route=%2Fwp%2Fv2%2Fmedia&parent=1269"}],"curies":[{"name":"wp","href":"https:\/\/api.w.org\/{rel}","templated":true}]}}