{"id":1271,"date":"2023-02-10T20:57:14","date_gmt":"2023-02-10T20:57:14","guid":{"rendered":"https:\/\/six-camels.de\/?page_id=1271"},"modified":"2023-03-14T19:16:06","modified_gmt":"2023-03-14T19:16:06","slug":"der-gute-zweck-3","status":"publish","type":"page","link":"https:\/\/six-camels.de\/?page_id=1271","title":{"rendered":"Der gute Zweck"},"content":{"rendered":"\n<p><strong>Kinder- und Jugendhilfe Maria im Tann<\/strong><\/p>\n\n\n\n<p>Wir sind drei Freunde und haben im Leben schon viel Gutes erfahren.  Wir wollen dieses kleine Abenteuer nutzen, um Kinder und Jugendliche zu unterst\u00fctzen, die nicht so gute Voraussetzungen haben, wie wir sie in diesem Alter hatten.<br><br>In Maria im Tann \u2013 dem Zentrum f\u00fcr Kinder-, Jugend- und Familienhilfe \u2013 in Aachen leben fast 100 Kinder und Jugendliche, die aus verschiedensten Gr\u00fcnden nicht mehr bei Ihren Eltern leben k\u00f6nnen. <br><br>Wir m\u00f6chten einen Beitrag leisten f\u00fcr die erlebnisp\u00e4dagogische Arbeit in Maria im Tann. Da wir selber passionierte Pfadl\u00e4ufer auf langen Strecken sind, k\u00f6nnen wir sehr gut nachvollziehen, was es bedeutet, in der Gemeinschaft Ski zu fahren, zu laufen, zu klettern und zu segeln. Diese Aktionen und Touren k\u00f6nnen ohne Spenden nicht stattfinden.<br><br>7.500 spannende Kilometer liegen vor uns und unserem 40 Jahre alten Bulli. 7.500 \u20ac ist unser Funding-Ziel f\u00fcr die Kids in Maria im Tann. Daf\u00fcr suchen wir Menschen und<br>Organisationen, die uns dabei unterst\u00fctzen.<\/p>\n\n\n\n<p><\/p>\n\n\n\n<p>Mehr dazu findet Ihr auf dem Spendenportal betterplace.org unter:<\/p>\n\n\n\n<p><a href=\"https:\/\/www.betterplace.org\/de\/projects\/119642-segelcamp-wir-koennen-den-wind-nicht-aendern-aber-die-segel-anders-setzen\" data-type=\"URL\" data-id=\"https:\/\/www.betterplace.org\/de\/projects\/119642-segelcamp-wir-koennen-den-wind-nicht-aendern-aber-die-segel-anders-setzen\" target=\"_blank\" rel=\"noreferrer noopener\">Segelcamp &#8211; Wir k\u00f6nnen den Wind nicht \u00e4ndern, aber die Segel anders setzen!<\/a><\/p>\n\n\n\n<p>Infos zur Einrichtung direkt unter: <\/p>\n\n\n\n<p><a href=\"https:\/\/www.mariaimtann.de\">https:\/\/www.mariaimtann.de<\/a><\/p>\n\n\n\n<p><\/p>\n\n\n\n<figure class=\"wp-block-image size-large is-resized\"><img loading=\"lazy\" src=\"https:\/\/six-camels.de\/wp-content\/uploads\/2023\/02\/MARiTa-739x1024.jpg\" alt=\"\" class=\"wp-image-1301\" width=\"308\" height=\"426\" srcset=\"https:\/\/six-camels.de\/wp-content\/uploads\/2023\/02\/MARiTa-739x1024.jpg 739w, https:\/\/six-camels.de\/wp-content\/uploads\/2023\/02\/MARiTa-216x300.jpg 216w, https:\/\/six-camels.de\/wp-content\/uploads\/2023\/02\/MARiTa-768x1064.jpg 768w, https:\/\/six-camels.de\/wp-content\/uploads\/2023\/02\/MARiTa-1108x1536.jpg 1108w, https:\/\/six-camels.de\/wp-content\/uploads\/2023\/02\/MARiTa-1478x2048.jpg 1478w, https:\/\/six-camels.de\/wp-content\/uploads\/2023\/02\/MARiTa-scaled.jpg 1847w\" sizes=\"(max-width: 308px) 100vw, 308px\" \/><\/figure>\n","protected":false},"excerpt":{"rendered":"<p>Kinder- und Jugendhilfe Maria im Tann Wir sind drei Freunde und haben im Leben schon viel Gutes erfahren. Wir wollen dieses kleine Abenteuer nutzen, um Kinder und Jugendliche zu unterst\u00fctzen, die nicht so gute Voraussetzungen haben, wie wir sie in diesem Alter hatten. In Maria im Tann \u2013 dem Zentrum f\u00fcr Kinder-, Jugend- und Familienhilfe &hellip; <\/p>\n<p class=\"link-more\"><a href=\"https:\/\/six-camels.de\/?page_id=1271\" class=\"more-link\"><span class=\"screen-reader-text\">\u201eDer gute Zweck\u201c<\/span> weiterlesen<\/a><\/p>\n","protected":false},"author":3,"featured_media":0,"parent":0,"menu_order":0,"comment_status":"closed","ping_status":"closed","template":"","meta":[],"_links":{"self":[{"href":"https:\/\/six-camels.de\/index.php?rest_route=\/wp\/v2\/pages\/1271"}],"collection":[{"href":"https:\/\/six-camels.de\/index.php?rest_route=\/wp\/v2\/pages"}],"about":[{"href":"https:\/\/six-camels.de\/index.php?rest_route=\/wp\/v2\/types\/page"}],"author":[{"embeddable":true,"href":"https:\/\/six-camels.de\/index.php?rest_route=\/wp\/v2\/users\/3"}],"replies":[{"embeddable":true,"href":"https:\/\/six-camels.de\/index.php?rest_route=%2Fwp%2Fv2%2Fcomments&post=1271"}],"version-history":[{"count":10,"href":"https:\/\/six-camels.de\/index.php?rest_route=\/wp\/v2\/pages\/1271\/revisions"}],"predecessor-version":[{"id":1353,"href":"https:\/\/six-camels.de\/index.php?rest_route=\/wp\/v2\/pages\/1271\/revisions\/1353"}],"wp:attachment":[{"href":"https:\/\/six-camels.de\/index.php?rest_route=%2Fwp%2Fv2%2Fmedia&parent=1271"}],"curies":[{"name":"wp","href":"https:\/\/api.w.org\/{rel}","templated":true}]}}