{"id":1357,"date":"2025-09-25T16:17:15","date_gmt":"2025-09-25T16:17:15","guid":{"rendered":"https:\/\/six-camels.de\/?page_id=1357"},"modified":"2025-09-25T18:02:09","modified_gmt":"2025-09-25T18:02:09","slug":"dresden-banjul-2025","status":"publish","type":"page","link":"https:\/\/six-camels.de\/?page_id=1357","title":{"rendered":"Dresden &#8211; Dakar &#8211; Banjul 2025"},"content":{"rendered":"\n<p>Afrika stand eigentlich schon lange auf meiner Liste! Nach Jordanien 2018 und dem Nordkap 2022 ist es mal wieder Zeit, ein altes Auto f\u00fcr den guten Zweck (und nem Haufen Spa\u00df) \u00fcber 7000 km durch die Weltgeschichte zu fahren. Und um so sch\u00f6ner, das mit meinem Sohn Ole zumachen. Gerade Abi und F\u00fchrerschein gemacht &#8230;  es geht doch nichts \u00fcber ein bisschen Fahrpraxis \ud83d\ude42<\/p>\n\n\n\n<p><a href=\"https:\/\/www.rallye-dresden-dakar-banjul.com\/\" data-type=\"URL\" data-id=\"https:\/\/www.rallye-dresden-dakar-banjul.com\/\">https:\/\/www.rallye-dresden-dakar-banjul.com\/<\/a><\/p>\n\n\n\n<p>Die Rallye Dresden-Dakar Banjul geht \u00fcber 7000km durch Marokko, die Westsahara, Mauretanien und den Senegal bis nach Gambia, wo die Fahrzeuge mal wieder f\u00fcr einen guten Zweck versteigert werden.<\/p>\n\n\n\n<h2>08.11.2025 &#8211; 01.12.2025<\/h2>\n\n\n\n<figure class=\"wp-block-image size-full is-resized\"><img loading=\"lazy\" src=\"https:\/\/six-camels.de\/wp-content\/uploads\/2025\/09\/challenge_banjul_logo.png\" alt=\"\" class=\"wp-image-1358\" width=\"655\" height=\"459\" srcset=\"https:\/\/six-camels.de\/wp-content\/uploads\/2025\/09\/challenge_banjul_logo.png 500w, https:\/\/six-camels.de\/wp-content\/uploads\/2025\/09\/challenge_banjul_logo-300x210.png 300w\" sizes=\"(max-width: 655px) 100vw, 655px\" \/><\/figure>\n","protected":false},"excerpt":{"rendered":"<p>Afrika stand eigentlich schon lange auf meiner Liste! Nach Jordanien 2018 und dem Nordkap 2022 ist es mal wieder Zeit, ein altes Auto f\u00fcr den guten Zweck (und nem Haufen Spa\u00df) \u00fcber 7000 km durch die Weltgeschichte zu fahren. Und um so sch\u00f6ner, das mit meinem Sohn Ole zumachen. Gerade Abi und F\u00fchrerschein gemacht &#8230; &hellip; <\/p>\n<p class=\"link-more\"><a href=\"https:\/\/six-camels.de\/?page_id=1357\" class=\"more-link\"><span class=\"screen-reader-text\">\u201eDresden &#8211; Dakar &#8211; Banjul 2025\u201c<\/span> weiterlesen<\/a><\/p>\n","protected":false},"author":2,"featured_media":0,"parent":0,"menu_order":0,"comment_status":"closed","ping_status":"closed","template":"","meta":[],"_links":{"self":[{"href":"https:\/\/six-camels.de\/index.php?rest_route=\/wp\/v2\/pages\/1357"}],"collection":[{"href":"https:\/\/six-camels.de\/index.php?rest_route=\/wp\/v2\/pages"}],"about":[{"href":"https:\/\/six-camels.de\/index.php?rest_route=\/wp\/v2\/types\/page"}],"author":[{"embeddable":true,"href":"https:\/\/six-camels.de\/index.php?rest_route=\/wp\/v2\/users\/2"}],"replies":[{"embeddable":true,"href":"https:\/\/six-camels.de\/index.php?rest_route=%2Fwp%2Fv2%2Fcomments&post=1357"}],"version-history":[{"count":10,"href":"https:\/\/six-camels.de\/index.php?rest_route=\/wp\/v2\/pages\/1357\/revisions"}],"predecessor-version":[{"id":1384,"href":"https:\/\/six-camels.de\/index.php?rest_route=\/wp\/v2\/pages\/1357\/revisions\/1384"}],"wp:attachment":[{"href":"https:\/\/six-camels.de\/index.php?rest_route=%2Fwp%2Fv2%2Fmedia&parent=1357"}],"curies":[{"name":"wp","href":"https:\/\/api.w.org\/{rel}","templated":true}]}}