{"id":18,"date":"2017-06-22T06:29:13","date_gmt":"2017-06-22T06:29:13","guid":{"rendered":"http:\/\/aor.ruetten-online.net\/?page_id=18"},"modified":"2021-11-17T21:26:35","modified_gmt":"2021-11-17T21:26:35","slug":"fahrzeuge","status":"publish","type":"page","link":"https:\/\/six-camels.de\/?page_id=18","title":{"rendered":"Fahrzeuge"},"content":{"rendered":"<p><img loading=\"lazy\" class=\"alignnone size-medium wp-image-548\" src=\"http:\/\/six-camels.de\/wp-content\/uploads\/2018\/04\/18-03-03_Atomium-300x225.jpg\" alt=\"\" width=\"300\" height=\"225\" srcset=\"https:\/\/six-camels.de\/wp-content\/uploads\/2018\/04\/18-03-03_Atomium-300x225.jpg 300w, https:\/\/six-camels.de\/wp-content\/uploads\/2018\/04\/18-03-03_Atomium-768x576.jpg 768w, https:\/\/six-camels.de\/wp-content\/uploads\/2018\/04\/18-03-03_Atomium-1024x768.jpg 1024w\" sizes=\"(max-width: 300px) 100vw, 300px\" \/><\/p>\n<p>Auf den nachfolgenden Seiten m\u00f6chten wir Euch unsere Autos vorstellen.<br \/>\nAu\u00dferdem werden wir alle Umbauma\u00dfnahmen festhalten und Euch mit Fotos auf dem aktuellsten Stand halten.<\/p>\n<p>Zu den Autos eor 2018:<\/p>\n<p><a href=\"https:\/\/six-camels.de\/?page_id=191\">&#8222;Otto&#8220; &#8211; MB 230 TE\u00a0<\/a><\/p>\n<p><a href=\"https:\/\/six-camels.de\/?page_id=237\">&#8222;Kalle&#8220; &#8211; MB 220 TE<\/a><\/p>\n<p><a href=\"https:\/\/six-camels.de\/?page_id=239\">&#8222;Willi&#8220; &#8211; MB 220 TE<\/a><\/p>\n","protected":false},"excerpt":{"rendered":"<p>Auf den nachfolgenden Seiten m\u00f6chten wir Euch unsere Autos vorstellen. Au\u00dferdem werden wir alle Umbauma\u00dfnahmen festhalten und Euch mit Fotos auf dem aktuellsten Stand halten. Zu den Autos eor 2018: &#8222;Otto&#8220; &#8211; MB 230 TE\u00a0 &#8222;Kalle&#8220; &#8211; MB 220 TE &#8222;Willi&#8220; &#8211; MB 220 TE<\/p>\n","protected":false},"author":5,"featured_media":0,"parent":0,"menu_order":0,"comment_status":"closed","ping_status":"closed","template":"","meta":[],"_links":{"self":[{"href":"https:\/\/six-camels.de\/index.php?rest_route=\/wp\/v2\/pages\/18"}],"collection":[{"href":"https:\/\/six-camels.de\/index.php?rest_route=\/wp\/v2\/pages"}],"about":[{"href":"https:\/\/six-camels.de\/index.php?rest_route=\/wp\/v2\/types\/page"}],"author":[{"embeddable":true,"href":"https:\/\/six-camels.de\/index.php?rest_route=\/wp\/v2\/users\/5"}],"replies":[{"embeddable":true,"href":"https:\/\/six-camels.de\/index.php?rest_route=%2Fwp%2Fv2%2Fcomments&post=18"}],"version-history":[{"count":14,"href":"https:\/\/six-camels.de\/index.php?rest_route=\/wp\/v2\/pages\/18\/revisions"}],"predecessor-version":[{"id":1031,"href":"https:\/\/six-camels.de\/index.php?rest_route=\/wp\/v2\/pages\/18\/revisions\/1031"}],"wp:attachment":[{"href":"https:\/\/six-camels.de\/index.php?rest_route=%2Fwp%2Fv2%2Fmedia&parent=18"}],"curies":[{"name":"wp","href":"https:\/\/api.w.org\/{rel}","templated":true}]}}